{"id":262,"date":"2019-11-06T12:29:28","date_gmt":"2019-11-06T12:29:28","guid":{"rendered":"http:\/\/louzeh.de\/?page_id=262"},"modified":"2021-11-12T16:18:02","modified_gmt":"2021-11-12T16:18:02","slug":"links-social-media","status":"publish","type":"page","link":"https:\/\/louzeh.de\/?page_id=262","title":{"rendered":"Kontakt &#038; Social Media"},"content":{"rendered":"\n<p>Wenn euch was interessiert, Leinw\u00e4nde, Auftragsarbeiten, Musikworkshops und was euch sonst so einf\u00e4llt:<\/p>\n\n\n\n<p>info@louzeh.de<\/p>\n\n\n\n<p>Konzertanfragen bitte an:<\/p>\n\n\n\n<p>booking@louzeh.de<\/p>\n\n\n\n<p><\/p>\n\n\n\n<p>Ich freue mich sehr wenn ihr meine Kan\u00e4le abonniert und mich damit supportet:<\/p>\n\n\n\n<p>youtube channel <a href=\"https:\/\/www.youtube.com\/channel\/UCOVJbir1FdxGVxUBG4vYGOw\/\"><em>https:\/\/www.youtube.com\/channel\/UCOVJbir1FdxGVxUBG4vYGOw\/<\/em><\/a><\/p>\n\n\n\n<p>facebook <em><a href=\"https:\/\/www.facebook.com\/Louzeh.art.and.music\/\">https:\/\/www.facebook.com\/Louzeh.art.and.music\/<\/a><\/em><\/p>\n\n\n\n<p>instagram<em> <a href=\"https:\/\/www.instagram.com\/lou_zeh\/\">https:\/\/www.instagram.com\/lou_zeh\/<\/a><\/em><\/p>\n\n\n\n<p>soundcloud<em> <a href=\"https:\/\/soundcloud.com\/louzeh\">https:\/\/soundcloud.com\/louzeh<\/a><\/em><\/p>\n\n\n\n<p><\/p>\n","protected":false},"excerpt":{"rendered":"<p>Wenn euch was interessiert, Leinw\u00e4nde, Auftragsarbeiten, Musikworkshops und was euch sonst so einf\u00e4llt: info@louzeh.de Konzertanfragen bitte an: booking@louzeh.de Ich freue mich sehr wenn ihr meine Kan\u00e4le abonniert und mich damit supportet: youtube channel https:\/\/www.youtube.com\/channel\/UCOVJbir1FdxGVxUBG4vYGOw\/ facebook https:\/\/www.facebook.com\/Louzeh.art.and.music\/ instagram https:\/\/www.instagram.com\/lou_zeh\/ soundcloud https:\/\/soundcloud.com\/louzeh<\/p>\n","protected":false},"author":1,"featured_media":0,"parent":0,"menu_order":0,"comment_status":"closed","ping_status":"closed","template":"","meta":{"footnotes":""},"_links":{"self":[{"href":"https:\/\/louzeh.de\/index.php?rest_route=\/wp\/v2\/pages\/262"}],"collection":[{"href":"https:\/\/louzeh.de\/index.php?rest_route=\/wp\/v2\/pages"}],"about":[{"href":"https:\/\/louzeh.de\/index.php?rest_route=\/wp\/v2\/types\/page"}],"author":[{"embeddable":true,"href":"https:\/\/louzeh.de\/index.php?rest_route=\/wp\/v2\/users\/1"}],"replies":[{"embeddable":true,"href":"https:\/\/louzeh.de\/index.php?rest_route=%2Fwp%2Fv2%2Fcomments&post=262"}],"version-history":[{"count":6,"href":"https:\/\/louzeh.de\/index.php?rest_route=\/wp\/v2\/pages\/262\/revisions"}],"predecessor-version":[{"id":772,"href":"https:\/\/louzeh.de\/index.php?rest_route=\/wp\/v2\/pages\/262\/revisions\/772"}],"wp:attachment":[{"href":"https:\/\/louzeh.de\/index.php?rest_route=%2Fwp%2Fv2%2Fmedia&parent=262"}],"curies":[{"name":"wp","href":"https:\/\/api.w.org\/{rel}","templated":true}]}}